{"id":2321,"date":"2025-07-29T18:09:09","date_gmt":"2025-07-29T23:09:09","guid":{"rendered":"https:\/\/blackstonepetrol.com\/?page_id=2321"},"modified":"2025-07-29T18:26:54","modified_gmt":"2025-07-29T23:26:54","slug":"representacion-de-firmas-internacionales-en-colombia","status":"publish","type":"page","link":"https:\/\/blackstonepetrol.com\/en\/representacion-de-firmas-internacionales-en-colombia\/","title":{"rendered":"Representaci\u00f3n de Firmas Internacionales en Colombia"},"content":{"rendered":"<div data-elementor-type=\"wp-page\" data-elementor-id=\"2321\" class=\"elementor elementor-2321\" data-elementor-post-type=\"page\">\n\t\t\t\t<div class=\"elementor-element elementor-element-6aa7c5d e-flex e-con-boxed e-con e-parent\" data-id=\"6aa7c5d\" data-element_type=\"container\" data-settings=\"{&quot;background_background&quot;:&quot;classic&quot;}\">\n\t\t\t\t\t<div class=\"e-con-inner\">\n\t\t<div class=\"elementor-element elementor-element-c3e4ae7 e-con-full e-flex e-con e-child\" data-id=\"c3e4ae7\" data-element_type=\"container\">\n\t\t\t\t<\/div>\n\t\t\t\t\t<\/div>\n\t\t\t\t<\/div>\n\t\t<div class=\"elementor-element elementor-element-62dd5ae8 e-flex e-con-boxed e-con e-parent\" data-id=\"62dd5ae8\" data-element_type=\"container\">\n\t\t\t\t\t<div class=\"e-con-inner\">\n\t\t<div class=\"elementor-element elementor-element-aad2dc6 e-con-full e-flex elementor-invisible e-con e-child\" data-id=\"aad2dc6\" data-element_type=\"container\" data-settings=\"{&quot;animation&quot;:&quot;fadeInLeft&quot;}\">\n\t\t\t\t<div class=\"elementor-element elementor-element-34fef8f5 elementor-widget elementor-widget-heading\" data-id=\"34fef8f5\" data-element_type=\"widget\" data-widget_type=\"heading.default\">\n\t\t\t\t<div class=\"elementor-widget-container\">\n\t\t\t\t\t<h2 class=\"elementor-heading-title elementor-size-default\">Accede a Soluciones Globales para tus Proyectos Locales<\/h2>\t\t\t\t<\/div>\n\t\t\t\t<\/div>\n\t\t\t\t<div class=\"elementor-element elementor-element-33c8183 elementor-widget elementor-widget-text-editor\" data-id=\"33c8183\" data-element_type=\"widget\" data-widget_type=\"text-editor.default\">\n\t\t\t\t<div class=\"elementor-widget-container\">\n\t\t\t\t\t\t\t\t\t<p>En <strong data-start=\"289\" data-end=\"317\">Blackstone Petrol S.A.S.<\/strong>, ofrecemos un servicio especializado de <strong data-start=\"358\" data-end=\"402\">representaci\u00f3n de firmas internacionales<\/strong> para ayudar a las empresas colombianas a acceder a <strong data-start=\"454\" data-end=\"483\">tecnolog\u00edas de vanguardia<\/strong> y <strong data-start=\"486\" data-end=\"515\">productos de alta calidad<\/strong> de proveedores globales.<\/p><p>Nos encargamos de gestionar la <strong data-start=\"572\" data-end=\"588\">distribuci\u00f3n<\/strong> y <strong data-start=\"591\" data-end=\"611\">comercializaci\u00f3n<\/strong> de marcas internacionales de renombre en los sectores de <strong data-start=\"669\" data-end=\"681\">petr\u00f3leo<\/strong>, <strong data-start=\"683\" data-end=\"690\">gas<\/strong>, <strong data-start=\"692\" data-end=\"703\">energ\u00eda<\/strong>, <strong data-start=\"705\" data-end=\"724\">biocombustibles<\/strong> y m\u00e1s.<\/p><p>Nuestra experiencia y red de contactos nos permiten ofrecer soluciones adaptadas a las necesidades locales, garantizando un <strong data-start=\"856\" data-end=\"876\">alto rendimiento<\/strong> y <strong data-start=\"879\" data-end=\"905\">cumplimiento normativo<\/strong>.<\/p>\t\t\t\t\t\t\t\t<\/div>\n\t\t\t\t<\/div>\n\t\t\t\t<\/div>\n\t\t<div class=\"elementor-element elementor-element-5ac04305 e-con-full e-flex e-con e-child\" data-id=\"5ac04305\" data-element_type=\"container\">\n\t\t\t\t<div class=\"elementor-element elementor-element-5727707 elementor-widget elementor-widget-video\" data-id=\"5727707\" data-element_type=\"widget\" data-settings=\"{&quot;video_type&quot;:&quot;vimeo&quot;,&quot;autoplay&quot;:&quot;yes&quot;,&quot;play_on_mobile&quot;:&quot;yes&quot;,&quot;mute&quot;:&quot;yes&quot;}\" data-widget_type=\"video.default\">\n\t\t\t\t<div class=\"elementor-widget-container\">\n\t\t\t\t\t\t\t<div class=\"elementor-wrapper elementor-open-inline\">\n\t\t\t<iframe class=\"elementor-video-iframe\" allowfullscreen allow=\"autoplay\" title=\"vimeo Video Player\" src=\"https:\/\/player.vimeo.com\/video\/1007393408?autoplay=1&amp;playsinline=1&amp;color&amp;autopause=0&amp;loop=0&amp;muted=1&amp;title=1&amp;portrait=1&amp;byline=1#t=\"><\/iframe>\t\t<\/div>\n\t\t\t\t\t\t<\/div>\n\t\t\t\t<\/div>\n\t\t\t\t<\/div>\n\t\t\t\t\t<\/div>\n\t\t\t\t<\/div>\n\t\t<div class=\"elementor-element elementor-element-1e11a53 e-flex e-con-boxed e-con e-parent\" data-id=\"1e11a53\" data-element_type=\"container\" data-settings=\"{&quot;background_background&quot;:&quot;classic&quot;}\">\n\t\t\t\t\t<div class=\"e-con-inner\">\n\t\t<div class=\"elementor-element elementor-element-c6429c9 e-con-full e-flex e-con e-child\" data-id=\"c6429c9\" data-element_type=\"container\">\n\t\t\t\t<div class=\"elementor-element elementor-element-365c29d elementor-widget elementor-widget-heading\" data-id=\"365c29d\" data-element_type=\"widget\" data-widget_type=\"heading.default\">\n\t\t\t\t<div class=\"elementor-widget-container\">\n\t\t\t\t\t<h2 class=\"elementor-heading-title elementor-size-default\">Servicios que Ofrecemos en la Representaci\u00f3n de Firmas Internacionales<\/h2>\t\t\t\t<\/div>\n\t\t\t\t<\/div>\n\t\t\t\t<div class=\"elementor-element elementor-element-32e7ad8 elementor-widget elementor-widget-heading\" data-id=\"32e7ad8\" data-element_type=\"widget\" data-widget_type=\"heading.default\">\n\t\t\t\t<div class=\"elementor-widget-container\">\n\t\t\t\t\t<div class=\"elementor-heading-title elementor-size-default\">La globalizaci\u00f3n y la constante evoluci\u00f3n tecnol\u00f3gica requieren que las empresas est\u00e9n al tanto de las \u00faltimas innovaciones y soluciones en el mercado. Al representarte una firma internacional, Blackstone Petrol S.A.S. te ofrece el acceso a productos de clase mundial que optimizar\u00e1n tus operaciones industriales. Trabajamos con algunas de las marcas m\u00e1s prestigiosas a nivel global, lo que nos permite ofrecer soluciones a medida para cada cliente, de acuerdo con sus necesidades espec\u00edficas.<\/div>\t\t\t\t<\/div>\n\t\t\t\t<\/div>\n\t\t\t\t<\/div>\n\t\t<div class=\"elementor-element elementor-element-c3fb02d e-con-full e-grid e-con e-child\" data-id=\"c3fb02d\" data-element_type=\"container\">\n\t\t\t\t<div class=\"elementor-element elementor-element-1e9a848 elementor-view-default elementor-position-top elementor-mobile-position-top elementor-widget elementor-widget-icon-box\" data-id=\"1e9a848\" data-element_type=\"widget\" data-widget_type=\"icon-box.default\">\n\t\t\t\t<div class=\"elementor-widget-container\">\n\t\t\t\t\t\t\t<div class=\"elementor-icon-box-wrapper\">\n\n\t\t\t\t\t\t<div class=\"elementor-icon-box-icon\">\n\t\t\t\t<span  class=\"elementor-icon\">\n\t\t\t\t<i aria-hidden=\"true\" class=\"icon icon-clipboard\"><\/i>\t\t\t\t<\/span>\n\t\t\t<\/div>\n\t\t\t\n\t\t\t\t\t\t<div class=\"elementor-icon-box-content\">\n\n\t\t\t\t\t\t\t\t\t<div class=\"elementor-icon-box-title\">\n\t\t\t\t\t\t<span  >\n\t\t\t\t\t\t\tDistribuci\u00f3n Exclusiva de Productos Especializados\t\t\t\t\t\t<\/span>\n\t\t\t\t\t<\/div>\n\t\t\t\t\n\t\t\t\t\t\t\t\t\t<p class=\"elementor-icon-box-description\">\n\t\t\t\t\t\tNos encargamos de la distribuci\u00f3n exclusiva de productos y equipos especializados para diversas industrias, como el petr\u00f3leo y gas, energ\u00eda, biocombustibles, utilities, y m\u00e1s. Trabajamos directamente con proveedores globales para asegurarte que recibas productos de alta calidad sin intermediarios.\t\t\t\t\t<\/p>\n\t\t\t\t\n\t\t\t<\/div>\n\t\t\t\n\t\t<\/div>\n\t\t\t\t\t\t<\/div>\n\t\t\t\t<\/div>\n\t\t\t\t<div class=\"elementor-element elementor-element-d85e920 elementor-view-default elementor-position-top elementor-mobile-position-top elementor-widget elementor-widget-icon-box\" data-id=\"d85e920\" data-element_type=\"widget\" data-widget_type=\"icon-box.default\">\n\t\t\t\t<div class=\"elementor-widget-container\">\n\t\t\t\t\t\t\t<div class=\"elementor-icon-box-wrapper\">\n\n\t\t\t\t\t\t<div class=\"elementor-icon-box-icon\">\n\t\t\t\t<span  class=\"elementor-icon\">\n\t\t\t\t<i aria-hidden=\"true\" class=\"icon icon-design\"><\/i>\t\t\t\t<\/span>\n\t\t\t<\/div>\n\t\t\t\n\t\t\t\t\t\t<div class=\"elementor-icon-box-content\">\n\n\t\t\t\t\t\t\t\t\t<div class=\"elementor-icon-box-title\">\n\t\t\t\t\t\t<span  >\n\t\t\t\t\t\t\tSoporte T\u00e9cnico y Asesor\u00eda Especializada\t\t\t\t\t\t<\/span>\n\t\t\t\t\t<\/div>\n\t\t\t\t\n\t\t\t\t\t\t\t\t\t<p class=\"elementor-icon-box-description\">\n\t\t\t\t\t\tNo solo ofrecemos productos, sino tambi\u00e9n soporte t\u00e9cnico y asesor\u00eda especializada para la integraci\u00f3n de equipos y soluciones. A trav\u00e9s de nuestras alianzas internacionales, te proporcionamos capacitaci\u00f3n y asistencia t\u00e9cnica para asegurar que los productos funcionen de manera \u00f3ptima y seg\u00fan las especificaciones requeridas.\t\t\t\t\t<\/p>\n\t\t\t\t\n\t\t\t<\/div>\n\t\t\t\n\t\t<\/div>\n\t\t\t\t\t\t<\/div>\n\t\t\t\t<\/div>\n\t\t\t\t<div class=\"elementor-element elementor-element-baafeef elementor-view-default elementor-position-top elementor-mobile-position-top elementor-widget elementor-widget-icon-box\" data-id=\"baafeef\" data-element_type=\"widget\" data-widget_type=\"icon-box.default\">\n\t\t\t\t<div class=\"elementor-widget-container\">\n\t\t\t\t\t\t\t<div class=\"elementor-icon-box-wrapper\">\n\n\t\t\t\t\t\t<div class=\"elementor-icon-box-icon\">\n\t\t\t\t<span  class=\"elementor-icon\">\n\t\t\t\t<svg aria-hidden=\"true\" class=\"e-font-icon-svg e-fas-certificate\" viewbox=\"0 0 512 512\" xmlns=\"http:\/\/www.w3.org\/2000\/svg\"><path d=\"M458.622 255.92l45.985-45.005c13.708-12.977 7.316-36.039-10.664-40.339l-62.65-15.99 17.661-62.015c4.991-17.838-11.829-34.663-29.661-29.671l-61.994 17.667-15.984-62.671C337.085.197 313.765-6.276 300.99 7.228L256 53.57 211.011 7.229c-12.63-13.351-36.047-7.234-40.325 10.668l-15.984 62.671-61.995-17.667C74.87 57.907 58.056 74.738 63.046 92.572l17.661 62.015-62.65 15.99C.069 174.878-6.31 197.944 7.392 210.915l45.985 45.005-45.985 45.004c-13.708 12.977-7.316 36.039 10.664 40.339l62.65 15.99-17.661 62.015c-4.991 17.838 11.829 34.663 29.661 29.671l61.994-17.667 15.984 62.671c4.439 18.575 27.696 24.018 40.325 10.668L256 458.61l44.989 46.001c12.5 13.488 35.987 7.486 40.325-10.668l15.984-62.671 61.994 17.667c17.836 4.994 34.651-11.837 29.661-29.671l-17.661-62.015 62.65-15.99c17.987-4.302 24.366-27.367 10.664-40.339l-45.984-45.004z\"><\/path><\/svg>\t\t\t\t<\/span>\n\t\t\t<\/div>\n\t\t\t\n\t\t\t\t\t\t<div class=\"elementor-icon-box-content\">\n\n\t\t\t\t\t\t\t\t\t<div class=\"elementor-icon-box-title\">\n\t\t\t\t\t\t<span  >\n\t\t\t\t\t\t\tAdaptaci\u00f3n de Productos a Necesidades Locales\t\t\t\t\t\t<\/span>\n\t\t\t\t\t<\/div>\n\t\t\t\t\n\t\t\t\t\t\t\t\t\t<p class=\"elementor-icon-box-description\">\n\t\t\t\t\t\tA trav\u00e9s de nuestras alianzas con firmas internacionales, ofrecemos productos y soluciones adaptados a las necesidades locales del mercado colombiano. Trabajamos estrechamente con los proveedores para asegurarnos de que los productos y equipos cumplen con las normativas locales y est\u00e1n optimizados para su uso en el contexto colombiano.\t\t\t\t\t<\/p>\n\t\t\t\t\n\t\t\t<\/div>\n\t\t\t\n\t\t<\/div>\n\t\t\t\t\t\t<\/div>\n\t\t\t\t<\/div>\n\t\t\t\t<\/div>\n\t\t\t\t\t<\/div>\n\t\t\t\t<\/div>\n\t\t<div class=\"elementor-element elementor-element-f22445e e-con-full e-flex e-con e-parent\" data-id=\"f22445e\" data-element_type=\"container\">\n\t\t<div class=\"elementor-element elementor-element-aeb6873 e-con-full e-flex elementor-invisible e-con e-child\" data-id=\"aeb6873\" data-element_type=\"container\" data-settings=\"{&quot;animation&quot;:&quot;fadeInLeft&quot;}\">\n\t\t\t\t<div class=\"elementor-element elementor-element-f6b4995 elementor-widget elementor-widget-heading\" data-id=\"f6b4995\" data-element_type=\"widget\" data-widget_type=\"heading.default\">\n\t\t\t\t<div class=\"elementor-widget-container\">\n\t\t\t\t\t<h2 class=\"elementor-heading-title elementor-size-default\">Beneficios de Nuestro Servicio de Instalaciones El\u00e9ctricas y Mantenimiento<\/h2>\t\t\t\t<\/div>\n\t\t\t\t<\/div>\n\t\t\t\t<div class=\"elementor-element elementor-element-1478a69 elementor-widget elementor-widget-text-editor\" data-id=\"1478a69\" data-element_type=\"widget\" data-widget_type=\"text-editor.default\">\n\t\t\t\t<div class=\"elementor-widget-container\">\n\t\t\t\t\t\t\t\t\t<p>En <strong data-start=\"6368\" data-end=\"6396\">Blackstone Petrol S.A.S.<\/strong>, estamos comprometidos con ofrecer <strong data-start=\"6432\" data-end=\"6457\">soluciones integrales<\/strong> para la industria, mediante nuestra representaci\u00f3n de firmas internacionales.<\/p>\t\t\t\t\t\t\t\t<\/div>\n\t\t\t\t<\/div>\n\t\t<div class=\"elementor-element elementor-element-bd9490b e-grid e-con-full e-con e-child\" data-id=\"bd9490b\" data-element_type=\"container\">\n\t\t\t\t<div class=\"elementor-element elementor-element-522705f elementor-icon-list--layout-traditional elementor-list-item-link-full_width elementor-widget elementor-widget-icon-list\" data-id=\"522705f\" data-element_type=\"widget\" data-widget_type=\"icon-list.default\">\n\t\t\t\t<div class=\"elementor-widget-container\">\n\t\t\t\t\t\t\t<ul class=\"elementor-icon-list-items\">\n\t\t\t\t\t\t\t<li class=\"elementor-icon-list-item\">\n\t\t\t\t\t\t\t\t\t\t\t<span class=\"elementor-icon-list-icon\">\n\t\t\t\t\t\t\t<i aria-hidden=\"true\" class=\"mdi mdi-checkbox-marked-circle\"><\/i>\t\t\t\t\t\t<\/span>\n\t\t\t\t\t\t\t\t\t\t<span class=\"elementor-icon-list-text\">Acceso a Productos y Soluciones Globales<\/span>\n\t\t\t\t\t\t\t\t\t<\/li>\n\t\t\t\t\t\t\t\t<li class=\"elementor-icon-list-item\">\n\t\t\t\t\t\t\t\t\t\t\t<span class=\"elementor-icon-list-icon\">\n\t\t\t\t\t\t\t<i aria-hidden=\"true\" class=\"mdi mdi-checkbox-marked-circle\"><\/i>\t\t\t\t\t\t<\/span>\n\t\t\t\t\t\t\t\t\t\t<span class=\"elementor-icon-list-text\">Cumplimiento Normativo<\/span>\n\t\t\t\t\t\t\t\t\t<\/li>\n\t\t\t\t\t\t\t\t<li class=\"elementor-icon-list-item\">\n\t\t\t\t\t\t\t\t\t\t\t<span class=\"elementor-icon-list-icon\">\n\t\t\t\t\t\t\t<i aria-hidden=\"true\" class=\"mdi mdi-checkbox-marked-circle\"><\/i>\t\t\t\t\t\t<\/span>\n\t\t\t\t\t\t\t\t\t\t<span class=\"elementor-icon-list-text\">Reducci\u00f3n de Costos Operativos<\/span>\n\t\t\t\t\t\t\t\t\t<\/li>\n\t\t\t\t\t\t\t\t<li class=\"elementor-icon-list-item\">\n\t\t\t\t\t\t\t\t\t\t\t<span class=\"elementor-icon-list-icon\">\n\t\t\t\t\t\t\t<i aria-hidden=\"true\" class=\"mdi mdi-checkbox-marked-circle\"><\/i>\t\t\t\t\t\t<\/span>\n\t\t\t\t\t\t\t\t\t\t<span class=\"elementor-icon-list-text\">Soporte Completo<\/span>\n\t\t\t\t\t\t\t\t\t<\/li>\n\t\t\t\t\t\t<\/ul>\n\t\t\t\t\t\t<\/div>\n\t\t\t\t<\/div>\n\t\t\t\t<div class=\"elementor-element elementor-element-f5c0da3 elementor-widget elementor-widget-text-editor\" data-id=\"f5c0da3\" data-element_type=\"widget\" data-widget_type=\"text-editor.default\">\n\t\t\t\t<div class=\"elementor-widget-container\">\n\t\t\t\t\t\t\t\t\t<p>Si deseas obtener m\u00e1s informaci\u00f3n sobre nuestras marcas representadas o si est\u00e1s interesado en soluciones espec\u00edficas para tu proyecto, <strong data-start=\"6672\" data-end=\"6687\">cont\u00e1ctanos<\/strong>.<\/p>\t\t\t\t\t\t\t\t<\/div>\n\t\t\t\t<\/div>\n\t\t\t\t<\/div>\n\t\t\t\t<\/div>\n\t\t<div class=\"elementor-element elementor-element-66848b8 e-con-full e-flex elementor-invisible e-con e-child\" data-id=\"66848b8\" data-element_type=\"container\" data-settings=\"{&quot;animation&quot;:&quot;fadeInRight&quot;}\">\n\t\t\t\t<div class=\"elementor-element elementor-element-6b17bae elementor-widget elementor-widget-video\" data-id=\"6b17bae\" data-element_type=\"widget\" data-settings=\"{&quot;video_type&quot;:&quot;vimeo&quot;,&quot;autoplay&quot;:&quot;yes&quot;,&quot;play_on_mobile&quot;:&quot;yes&quot;,&quot;mute&quot;:&quot;yes&quot;}\" data-widget_type=\"video.default\">\n\t\t\t\t<div class=\"elementor-widget-container\">\n\t\t\t\t\t\t\t<div class=\"elementor-wrapper elementor-open-inline\">\n\t\t\t<iframe class=\"elementor-video-iframe\" allowfullscreen allow=\"autoplay\" title=\"vimeo Video Player\" src=\"https:\/\/player.vimeo.com\/video\/1042594618?autoplay=1&amp;playsinline=1&amp;color&amp;autopause=0&amp;loop=0&amp;muted=1&amp;title=1&amp;portrait=1&amp;byline=1#t=\"><\/iframe>\t\t<\/div>\n\t\t\t\t\t\t<\/div>\n\t\t\t\t<\/div>\n\t\t\t\t<\/div>\n\t\t\t\t<\/div>\n\t\t<div class=\"elementor-element elementor-element-3cc4b45 e-flex e-con-boxed e-con e-parent\" data-id=\"3cc4b45\" data-element_type=\"container\" data-settings=\"{&quot;background_background&quot;:&quot;classic&quot;}\">\n\t\t\t\t\t<div class=\"e-con-inner\">\n\t\t<div class=\"elementor-element elementor-element-6fdfbb4 e-con-full e-flex elementor-invisible e-con e-child\" data-id=\"6fdfbb4\" data-element_type=\"container\" data-settings=\"{&quot;animation&quot;:&quot;fadeInRight&quot;}\">\n\t\t\t\t<div class=\"elementor-element elementor-element-7131044 elementor-widget elementor-widget-heading\" data-id=\"7131044\" data-element_type=\"widget\" data-widget_type=\"heading.default\">\n\t\t\t\t<div class=\"elementor-widget-container\">\n\t\t\t\t\t<h2 class=\"elementor-heading-title elementor-size-default\">Cont\u00e1ctanos para Obtener M\u00e1s Informaci\u00f3n o Solicitar un Servicio\n<\/h2>\t\t\t\t<\/div>\n\t\t\t\t<\/div>\n\t\t\t\t<div class=\"elementor-element elementor-element-b727555 elementor-widget elementor-widget-heading\" data-id=\"b727555\" data-element_type=\"widget\" data-widget_type=\"heading.default\">\n\t\t\t\t<div class=\"elementor-widget-container\">\n\t\t\t\t\t<div class=\"elementor-heading-title elementor-size-default\">En Blackstone Petrol S.A.S., estamos comprometidos con el \u00e9xito de tu operaci\u00f3n. Si deseas m\u00e1s informaci\u00f3n sobre nuestro servicio de mantenimiento integral o si necesitas asistencia inmediata, no dudes en contactarnos.<\/div>\t\t\t\t<\/div>\n\t\t\t\t<\/div>\n\t\t\t\t<div class=\"elementor-element elementor-element-51e1132 elementor-widget elementor-widget-button\" data-id=\"51e1132\" data-element_type=\"widget\" data-widget_type=\"button.default\">\n\t\t\t\t<div class=\"elementor-widget-container\">\n\t\t\t\t\t\t\t\t\t<div class=\"elementor-button-wrapper\">\n\t\t\t\t\t<a class=\"elementor-button elementor-button-link elementor-size-sm\" href=\"http:\/\/wa.me\/573143155904\">\n\t\t\t\t\t\t<span class=\"elementor-button-content-wrapper\">\n\t\t\t\t\t\t\t\t\t<span class=\"elementor-button-text\">Solicita una Consulta<\/span>\n\t\t\t\t\t<\/span>\n\t\t\t\t\t<\/a>\n\t\t\t\t<\/div>\n\t\t\t\t\t\t\t\t<\/div>\n\t\t\t\t<\/div>\n\t\t\t\t<\/div>\n\t\t\t\t\t<\/div>\n\t\t\t\t<\/div>\n\t\t\t\t<\/div>","protected":false},"excerpt":{"rendered":"<p>Accede a Soluciones Globales para tus Proyectos Locales En Blackstone Petrol S.A.S., ofrecemos un servicio especializado de representaci\u00f3n de firmas internacionales para ayudar a las empresas colombianas a acceder a tecnolog\u00edas de vanguardia y productos de alta calidad de proveedores globales. Nos encargamos de gestionar la distribuci\u00f3n y comercializaci\u00f3n de marcas internacionales de renombre en [&hellip;]<\/p>","protected":false},"author":1,"featured_media":0,"parent":0,"menu_order":0,"comment_status":"closed","ping_status":"closed","template":"","meta":{"site-sidebar-layout":"no-sidebar","site-content-layout":"page-builder","ast-site-content-layout":"full-width-container","site-content-style":"default","site-sidebar-style":"default","ast-global-header-display":"","ast-banner-title-visibility":"","ast-main-header-display":"","ast-hfb-above-header-display":"","ast-hfb-below-header-display":"","ast-hfb-mobile-header-display":"","site-post-title":"disabled","ast-breadcrumbs-content":"","ast-featured-img":"disabled","footer-sml-layout":"","theme-transparent-header-meta":"","adv-header-id-meta":"","stick-header-meta":"","header-above-stick-meta":"","header-main-stick-meta":"","header-below-stick-meta":"","astra-migrate-meta-layouts":"set","ast-page-background-enabled":"default","ast-page-background-meta":{"desktop":{"background-color":"","background-image":"","background-repeat":"repeat","background-position":"center center","background-size":"auto","background-attachment":"scroll","background-type":"","background-media":"","overlay-type":"","overlay-color":"","overlay-opacity":"","overlay-gradient":""},"tablet":{"background-color":"","background-image":"","background-repeat":"repeat","background-position":"center center","background-size":"auto","background-attachment":"scroll","background-type":"","background-media":"","overlay-type":"","overlay-color":"","overlay-opacity":"","overlay-gradient":""},"mobile":{"background-color":"","background-image":"","background-repeat":"repeat","background-position":"center center","background-size":"auto","background-attachment":"scroll","background-type":"","background-media":"","overlay-type":"","overlay-color":"","overlay-opacity":"","overlay-gradient":""}},"ast-content-background-meta":{"desktop":{"background-color":"var(--ast-global-color-5)","background-image":"","background-repeat":"repeat","background-position":"center center","background-size":"auto","background-attachment":"scroll","background-type":"","background-media":"","overlay-type":"","overlay-color":"","overlay-opacity":"","overlay-gradient":""},"tablet":{"background-color":"var(--ast-global-color-5)","background-image":"","background-repeat":"repeat","background-position":"center center","background-size":"auto","background-attachment":"scroll","background-type":"","background-media":"","overlay-type":"","overlay-color":"","overlay-opacity":"","overlay-gradient":""},"mobile":{"background-color":"var(--ast-global-color-5)","background-image":"","background-repeat":"repeat","background-position":"center center","background-size":"auto","background-attachment":"scroll","background-type":"","background-media":"","overlay-type":"","overlay-color":"","overlay-opacity":"","overlay-gradient":""}},"_joinchat":[],"footnotes":""},"class_list":["post-2321","page","type-page","status-publish","hentry"],"_links":{"self":[{"href":"https:\/\/blackstonepetrol.com\/en\/wp-json\/wp\/v2\/pages\/2321","targetHints":{"allow":["GET"]}}],"collection":[{"href":"https:\/\/blackstonepetrol.com\/en\/wp-json\/wp\/v2\/pages"}],"about":[{"href":"https:\/\/blackstonepetrol.com\/en\/wp-json\/wp\/v2\/types\/page"}],"author":[{"embeddable":true,"href":"https:\/\/blackstonepetrol.com\/en\/wp-json\/wp\/v2\/users\/1"}],"replies":[{"embeddable":true,"href":"https:\/\/blackstonepetrol.com\/en\/wp-json\/wp\/v2\/comments?post=2321"}],"version-history":[{"count":34,"href":"https:\/\/blackstonepetrol.com\/en\/wp-json\/wp\/v2\/pages\/2321\/revisions"}],"predecessor-version":[{"id":2367,"href":"https:\/\/blackstonepetrol.com\/en\/wp-json\/wp\/v2\/pages\/2321\/revisions\/2367"}],"wp:attachment":[{"href":"https:\/\/blackstonepetrol.com\/en\/wp-json\/wp\/v2\/media?parent=2321"}],"curies":[{"name":"wp","href":"https:\/\/api.w.org\/{rel}","templated":true}]}}