{"id":2218,"date":"2025-07-29T15:55:23","date_gmt":"2025-07-29T20:55:23","guid":{"rendered":"https:\/\/blackstonepetrol.com\/?page_id=2218"},"modified":"2025-07-29T16:12:30","modified_gmt":"2025-07-29T21:12:30","slug":"soluciones-de-ingenieria-civil-para-proyectos-industriales","status":"publish","type":"page","link":"https:\/\/blackstonepetrol.com\/en\/soluciones-de-ingenieria-civil-para-proyectos-industriales\/","title":{"rendered":"Soluciones de Ingenier\u00eda Civil para Proyectos Industriales"},"content":{"rendered":"<div data-elementor-type=\"wp-page\" data-elementor-id=\"2218\" class=\"elementor elementor-2218\" data-elementor-post-type=\"page\">\n\t\t\t\t<div class=\"elementor-element elementor-element-6aa7c5d e-flex e-con-boxed e-con e-parent\" data-id=\"6aa7c5d\" data-element_type=\"container\" data-settings=\"{&quot;background_background&quot;:&quot;classic&quot;}\">\n\t\t\t\t\t<div class=\"e-con-inner\">\n\t\t<div class=\"elementor-element elementor-element-c3e4ae7 e-con-full e-flex e-con e-child\" data-id=\"c3e4ae7\" data-element_type=\"container\">\n\t\t\t\t<\/div>\n\t\t\t\t\t<\/div>\n\t\t\t\t<\/div>\n\t\t<div class=\"elementor-element elementor-element-62dd5ae8 e-flex e-con-boxed e-con e-parent\" data-id=\"62dd5ae8\" data-element_type=\"container\">\n\t\t\t\t\t<div class=\"e-con-inner\">\n\t\t<div class=\"elementor-element elementor-element-aad2dc6 e-con-full e-flex elementor-invisible e-con e-child\" data-id=\"aad2dc6\" data-element_type=\"container\" data-settings=\"{&quot;animation&quot;:&quot;fadeInLeft&quot;}\">\n\t\t\t\t<div class=\"elementor-element elementor-element-34fef8f5 elementor-widget elementor-widget-heading\" data-id=\"34fef8f5\" data-element_type=\"widget\" data-widget_type=\"heading.default\">\n\t\t\t\t<div class=\"elementor-widget-container\">\n\t\t\t\t\t<h2 class=\"elementor-heading-title elementor-size-default\">Construcci\u00f3n y mantenimiento de infraestructuras industriales para un rendimiento \u00f3ptimo.<\/h2>\t\t\t\t<\/div>\n\t\t\t\t<\/div>\n\t\t\t\t<div class=\"elementor-element elementor-element-33c8183 elementor-widget elementor-widget-text-editor\" data-id=\"33c8183\" data-element_type=\"widget\" data-widget_type=\"text-editor.default\">\n\t\t\t\t<div class=\"elementor-widget-container\">\n\t\t\t\t\t\t\t\t\t<p>En <strong data-start=\"1840\" data-end=\"1868\">Blackstone Petrol S.A.S.<\/strong>, brindamos <strong data-start=\"1880\" data-end=\"1914\">soluciones de ingenier\u00eda civil<\/strong> para la <strong data-start=\"1923\" data-end=\"1939\">construcci\u00f3n<\/strong>, <strong data-start=\"1941\" data-end=\"1955\">renovaci\u00f3n<\/strong>, y <strong data-start=\"1959\" data-end=\"1976\">mantenimiento<\/strong> de infraestructuras industriales, adapt\u00e1ndonos a las necesidades de cada proyecto.<\/p><p>Desde <strong data-start=\"2066\" data-end=\"2092\">plataformas petroleras<\/strong> hasta <strong data-start=\"2099\" data-end=\"2133\">instalaciones de procesamiento<\/strong>, garantizamos la <strong data-start=\"2151\" data-end=\"2164\">seguridad<\/strong> y la <strong data-start=\"2170\" data-end=\"2185\">durabilidad<\/strong> de tus proyectos industriales.<\/p>\t\t\t\t\t\t\t\t<\/div>\n\t\t\t\t<\/div>\n\t\t\t\t<div class=\"elementor-element elementor-element-66feb71 elementor-widget elementor-widget-button\" data-id=\"66feb71\" data-element_type=\"widget\" data-widget_type=\"button.default\">\n\t\t\t\t<div class=\"elementor-widget-container\">\n\t\t\t\t\t\t\t\t\t<div class=\"elementor-button-wrapper\">\n\t\t\t\t\t<a class=\"elementor-button elementor-button-link elementor-size-sm\" href=\"http:\/\/wa.me\/573143155904\">\n\t\t\t\t\t\t<span class=\"elementor-button-content-wrapper\">\n\t\t\t\t\t\t\t\t\t<span class=\"elementor-button-text\">Solicita una Consulta<\/span>\n\t\t\t\t\t<\/span>\n\t\t\t\t\t<\/a>\n\t\t\t\t<\/div>\n\t\t\t\t\t\t\t\t<\/div>\n\t\t\t\t<\/div>\n\t\t\t\t<\/div>\n\t\t<div class=\"elementor-element elementor-element-5ac04305 e-con-full e-flex e-con e-child\" data-id=\"5ac04305\" data-element_type=\"container\">\n\t\t\t\t<div class=\"elementor-element elementor-element-6d40f40f elementor-invisible elementor-widget elementor-widget-image\" data-id=\"6d40f40f\" data-element_type=\"widget\" data-settings=\"{&quot;_animation&quot;:&quot;fadeInRight&quot;}\" data-widget_type=\"image.default\">\n\t\t\t\t<div class=\"elementor-widget-container\">\n\t\t\t\t\t\t\t\t\t\t\t\t\t\t\t<img fetchpriority=\"high\" decoding=\"async\" width=\"1080\" height=\"1080\" src=\"https:\/\/blackstonepetrol.com\/wp-content\/uploads\/2024\/01\/18.png\" class=\"attachment-full size-full wp-image-1762\" alt=\"\" srcset=\"https:\/\/blackstonepetrol.com\/wp-content\/uploads\/2024\/01\/18.png 1080w, https:\/\/blackstonepetrol.com\/wp-content\/uploads\/2024\/01\/18-300x300.png 300w, https:\/\/blackstonepetrol.com\/wp-content\/uploads\/2024\/01\/18-1024x1024.png 1024w, https:\/\/blackstonepetrol.com\/wp-content\/uploads\/2024\/01\/18-150x150.png 150w, https:\/\/blackstonepetrol.com\/wp-content\/uploads\/2024\/01\/18-768x768.png 768w, https:\/\/blackstonepetrol.com\/wp-content\/uploads\/2024\/01\/18-12x12.png 12w\" sizes=\"(max-width: 1080px) 100vw, 1080px\" \/>\t\t\t\t\t\t\t\t\t\t\t\t\t\t\t<\/div>\n\t\t\t\t<\/div>\n\t\t\t\t<\/div>\n\t\t\t\t\t<\/div>\n\t\t\t\t<\/div>\n\t\t<div class=\"elementor-element elementor-element-1e11a53 e-flex e-con-boxed e-con e-parent\" data-id=\"1e11a53\" data-element_type=\"container\" data-settings=\"{&quot;background_background&quot;:&quot;classic&quot;}\">\n\t\t\t\t\t<div class=\"e-con-inner\">\n\t\t<div class=\"elementor-element elementor-element-c6429c9 e-con-full e-flex e-con e-child\" data-id=\"c6429c9\" data-element_type=\"container\">\n\t\t\t\t<div class=\"elementor-element elementor-element-365c29d elementor-widget elementor-widget-heading\" data-id=\"365c29d\" data-element_type=\"widget\" data-widget_type=\"heading.default\">\n\t\t\t\t<div class=\"elementor-widget-container\">\n\t\t\t\t\t<h2 class=\"elementor-heading-title elementor-size-default\">Servicios de Ingenier\u00eda Civil que Ofrecemos<\/h2>\t\t\t\t<\/div>\n\t\t\t\t<\/div>\n\t\t\t\t<div class=\"elementor-element elementor-element-32e7ad8 elementor-widget elementor-widget-heading\" data-id=\"32e7ad8\" data-element_type=\"widget\" data-widget_type=\"heading.default\">\n\t\t\t\t<div class=\"elementor-widget-container\">\n\t\t\t\t\t<div class=\"elementor-heading-title elementor-size-default\">La ingenier\u00eda civil es una de las piezas fundamentales en la infraestructura industrial, y en Blackstone Petrol S.A.S. nos enfocamos en entregar soluciones personalizadas que se adaptan a las necesidades espec\u00edficas de cada proyecto. Nuestro enfoque en tecnolog\u00eda avanzada y normativas de seguridad nos permite proporcionar resultados sostenibles y duraderos. Los servicios incluyen:<\/div>\t\t\t\t<\/div>\n\t\t\t\t<\/div>\n\t\t\t\t<\/div>\n\t\t<div class=\"elementor-element elementor-element-c3fb02d e-con-full e-grid e-con e-child\" data-id=\"c3fb02d\" data-element_type=\"container\">\n\t\t\t\t<div class=\"elementor-element elementor-element-1e9a848 elementor-view-default elementor-position-top elementor-mobile-position-top elementor-widget elementor-widget-icon-box\" data-id=\"1e9a848\" data-element_type=\"widget\" data-widget_type=\"icon-box.default\">\n\t\t\t\t<div class=\"elementor-widget-container\">\n\t\t\t\t\t\t\t<div class=\"elementor-icon-box-wrapper\">\n\n\t\t\t\t\t\t<div class=\"elementor-icon-box-icon\">\n\t\t\t\t<span  class=\"elementor-icon\">\n\t\t\t\t<i aria-hidden=\"true\" class=\"icon icon-crane2\"><\/i>\t\t\t\t<\/span>\n\t\t\t<\/div>\n\t\t\t\n\t\t\t\t\t\t<div class=\"elementor-icon-box-content\">\n\n\t\t\t\t\t\t\t\t\t<div class=\"elementor-icon-box-title\">\n\t\t\t\t\t\t<span  >\n\t\t\t\t\t\t\tConstrucci\u00f3n y Mantenimiento de Plataformas Petroleras\t\t\t\t\t\t<\/span>\n\t\t\t\t\t<\/div>\n\t\t\t\t\n\t\t\t\t\t\t\t\t\t<p class=\"elementor-icon-box-description\">\n\t\t\t\t\t\tLas plataformas petroleras son estructuras clave en la industria del petr\u00f3leo y gas. Ofrecemos servicios de construcci\u00f3n, mantenimiento y renovaci\u00f3n de plataformas, asegurando que cada estructura sea segura, funcional y sostenible en ambientes marinos y terrestres.\t\t\t\t\t<\/p>\n\t\t\t\t\n\t\t\t<\/div>\n\t\t\t\n\t\t<\/div>\n\t\t\t\t\t\t<\/div>\n\t\t\t\t<\/div>\n\t\t\t\t<div class=\"elementor-element elementor-element-d85e920 elementor-view-default elementor-position-top elementor-mobile-position-top elementor-widget elementor-widget-icon-box\" data-id=\"d85e920\" data-element_type=\"widget\" data-widget_type=\"icon-box.default\">\n\t\t\t\t<div class=\"elementor-widget-container\">\n\t\t\t\t\t\t\t<div class=\"elementor-icon-box-wrapper\">\n\n\t\t\t\t\t\t<div class=\"elementor-icon-box-icon\">\n\t\t\t\t<span  class=\"elementor-icon\">\n\t\t\t\t<i aria-hidden=\"true\" class=\"icon icon-truck\"><\/i>\t\t\t\t<\/span>\n\t\t\t<\/div>\n\t\t\t\n\t\t\t\t\t\t<div class=\"elementor-icon-box-content\">\n\n\t\t\t\t\t\t\t\t\t<div class=\"elementor-icon-box-title\">\n\t\t\t\t\t\t<span  >\n\t\t\t\t\t\t\t Desarrollo de Infraestructuras Viales y Accesos Industriales\t\t\t\t\t\t<\/span>\n\t\t\t\t\t<\/div>\n\t\t\t\t\n\t\t\t\t\t\t\t\t\t<p class=\"elementor-icon-box-description\">\n\t\t\t\t\t\tLa construcci\u00f3n de v\u00edas de acceso seguras y eficientes es crucial para garantizar el \u00e9xito de las operaciones industriales. Nos encargamos del dise\u00f1o y construcci\u00f3n de carreteras, v\u00edas de acceso a plataformas, y sistemas de drenaje, asegurando que las infraestructuras sean adecuadas para las necesidades del proyecto.\t\t\t\t\t<\/p>\n\t\t\t\t\n\t\t\t<\/div>\n\t\t\t\n\t\t<\/div>\n\t\t\t\t\t\t<\/div>\n\t\t\t\t<\/div>\n\t\t\t\t<div class=\"elementor-element elementor-element-baafeef elementor-view-default elementor-position-top elementor-mobile-position-top elementor-widget elementor-widget-icon-box\" data-id=\"baafeef\" data-element_type=\"widget\" data-widget_type=\"icon-box.default\">\n\t\t\t\t<div class=\"elementor-widget-container\">\n\t\t\t\t\t\t\t<div class=\"elementor-icon-box-wrapper\">\n\n\t\t\t\t\t\t<div class=\"elementor-icon-box-icon\">\n\t\t\t\t<span  class=\"elementor-icon\">\n\t\t\t\t<i aria-hidden=\"true\" class=\"icon icon-valve\"><\/i>\t\t\t\t<\/span>\n\t\t\t<\/div>\n\t\t\t\n\t\t\t\t\t\t<div class=\"elementor-icon-box-content\">\n\n\t\t\t\t\t\t\t\t\t<div class=\"elementor-icon-box-title\">\n\t\t\t\t\t\t<span  >\n\t\t\t\t\t\t\tObras de Drenaje y Saneamiento\t\t\t\t\t\t<\/span>\n\t\t\t\t\t<\/div>\n\t\t\t\t\n\t\t\t\t\t\t\t\t\t<p class=\"elementor-icon-box-description\">\n\t\t\t\t\t\tEl drenaje adecuado es esencial para evitar problemas de inundaciones y para garantizar la durabilidad de las infraestructuras. En Blackstone Petrol S.A.S., realizamos la planificaci\u00f3n, dise\u00f1o e implementaci\u00f3n de sistemas de drenaje para proyectos industriales, asegurando que los flujos de agua se gestionen adecuadamente.\t\t\t\t\t<\/p>\n\t\t\t\t\n\t\t\t<\/div>\n\t\t\t\n\t\t<\/div>\n\t\t\t\t\t\t<\/div>\n\t\t\t\t<\/div>\n\t\t\t\t<div class=\"elementor-element elementor-element-2be0389 elementor-view-default elementor-position-top elementor-mobile-position-top elementor-widget elementor-widget-icon-box\" data-id=\"2be0389\" data-element_type=\"widget\" data-widget_type=\"icon-box.default\">\n\t\t\t\t<div class=\"elementor-widget-container\">\n\t\t\t\t\t\t\t<div class=\"elementor-icon-box-wrapper\">\n\n\t\t\t\t\t\t<div class=\"elementor-icon-box-icon\">\n\t\t\t\t<span  class=\"elementor-icon\">\n\t\t\t\t<i aria-hidden=\"true\" class=\"icon icon-factory\"><\/i>\t\t\t\t<\/span>\n\t\t\t<\/div>\n\t\t\t\n\t\t\t\t\t\t<div class=\"elementor-icon-box-content\">\n\n\t\t\t\t\t\t\t\t\t<div class=\"elementor-icon-box-title\">\n\t\t\t\t\t\t<span  >\n\t\t\t\t\t\t\tConstrucci\u00f3n de Edificaciones Industriales\t\t\t\t\t\t<\/span>\n\t\t\t\t\t<\/div>\n\t\t\t\t\n\t\t\t\t\t\t\t\t\t<p class=\"elementor-icon-box-description\">\n\t\t\t\t\t\tNos especializamos en la construcci\u00f3n de edificaciones industriales, como almacenes, naves industriales, oficinas corporativas y instalaciones de procesamiento. Nuestro equipo se asegura de que cada proyecto cumpla con los m\u00e1s altos est\u00e1ndares de calidad y seguridad, optimizando el uso del espacio y los recursos disponibles.\t\t\t\t\t<\/p>\n\t\t\t\t\n\t\t\t<\/div>\n\t\t\t\n\t\t<\/div>\n\t\t\t\t\t\t<\/div>\n\t\t\t\t<\/div>\n\t\t\t\t<div class=\"elementor-element elementor-element-8a21863 elementor-view-default elementor-position-top elementor-mobile-position-top elementor-widget elementor-widget-icon-box\" data-id=\"8a21863\" data-element_type=\"widget\" data-widget_type=\"icon-box.default\">\n\t\t\t\t<div class=\"elementor-widget-container\">\n\t\t\t\t\t\t\t<div class=\"elementor-icon-box-wrapper\">\n\n\t\t\t\t\t\t<div class=\"elementor-icon-box-icon\">\n\t\t\t\t<span  class=\"elementor-icon\">\n\t\t\t\t<i aria-hidden=\"true\" class=\"icon icon-idea1\"><\/i>\t\t\t\t<\/span>\n\t\t\t<\/div>\n\t\t\t\n\t\t\t\t\t\t<div class=\"elementor-icon-box-content\">\n\n\t\t\t\t\t\t\t\t\t<div class=\"elementor-icon-box-title\">\n\t\t\t\t\t\t<span  >\n\t\t\t\t\t\t\tObras Civiles para Energ\u00eda y Biocombustibles\t\t\t\t\t\t<\/span>\n\t\t\t\t\t<\/div>\n\t\t\t\t\n\t\t\t\t\t\t\t\t\t<p class=\"elementor-icon-box-description\">\n\t\t\t\t\t\tEn la industria de la energ\u00eda y biocombustibles, ofrecemos soluciones de ingenier\u00eda civil para el desarrollo de infraestructuras energ\u00e9ticas. Nos encargamos de la construcci\u00f3n de plantas de energ\u00eda, estaciones de biocombustibles, y sistemas de transporte de energ\u00edas renovables.\t\t\t\t\t<\/p>\n\t\t\t\t\n\t\t\t<\/div>\n\t\t\t\n\t\t<\/div>\n\t\t\t\t\t\t<\/div>\n\t\t\t\t<\/div>\n\t\t\t\t<\/div>\n\t\t\t\t\t<\/div>\n\t\t\t\t<\/div>\n\t\t<div class=\"elementor-element elementor-element-4d68ab47 e-con-full e-flex e-con e-parent\" data-id=\"4d68ab47\" data-element_type=\"container\">\n\t\t<div class=\"elementor-element elementor-element-15949c07 e-con-full e-flex elementor-invisible e-con e-child\" data-id=\"15949c07\" data-element_type=\"container\" data-settings=\"{&quot;animation&quot;:&quot;fadeInLeft&quot;}\">\n\t\t\t\t<div class=\"elementor-element elementor-element-a52bc1a elementor-widget elementor-widget-heading\" data-id=\"a52bc1a\" data-element_type=\"widget\" data-widget_type=\"heading.default\">\n\t\t\t\t<div class=\"elementor-widget-container\">\n\t\t\t\t\t<h2 class=\"elementor-heading-title elementor-size-default\">Beneficios de Nuestras Soluciones de Ingenier\u00eda Civil<\/h2>\t\t\t\t<\/div>\n\t\t\t\t<\/div>\n\t\t\t\t<div class=\"elementor-element elementor-element-6b0f385 elementor-widget elementor-widget-text-editor\" data-id=\"6b0f385\" data-element_type=\"widget\" data-widget_type=\"text-editor.default\">\n\t\t\t\t<div class=\"elementor-widget-container\">\n\t\t\t\t\t\t\t\t\t<p>La ingenier\u00eda civil es una de las piezas fundamentales en la infraestructura industrial, y en <strong data-start=\"1021\" data-end=\"1049\">Blackstone Petrol S.A.S.<\/strong> nos enfocamos en entregar <strong data-start=\"1076\" data-end=\"1105\">soluciones personalizadas<\/strong> que se adaptan a las necesidades espec\u00edficas de cada proyecto.<\/p>\t\t\t\t\t\t\t\t<\/div>\n\t\t\t\t<\/div>\n\t\t<div class=\"elementor-element elementor-element-29c00ef7 e-grid e-con-full e-con e-child\" data-id=\"29c00ef7\" data-element_type=\"container\">\n\t\t\t\t<div class=\"elementor-element elementor-element-66817d8 elementor-icon-list--layout-traditional elementor-list-item-link-full_width elementor-widget elementor-widget-icon-list\" data-id=\"66817d8\" data-element_type=\"widget\" data-widget_type=\"icon-list.default\">\n\t\t\t\t<div class=\"elementor-widget-container\">\n\t\t\t\t\t\t\t<ul class=\"elementor-icon-list-items\">\n\t\t\t\t\t\t\t<li class=\"elementor-icon-list-item\">\n\t\t\t\t\t\t\t\t\t\t\t<span class=\"elementor-icon-list-icon\">\n\t\t\t\t\t\t\t<i aria-hidden=\"true\" class=\"mdi mdi-checkbox-marked-circle\"><\/i>\t\t\t\t\t\t<\/span>\n\t\t\t\t\t\t\t\t\t\t<span class=\"elementor-icon-list-text\">Eficiencia Operativa<\/span>\n\t\t\t\t\t\t\t\t\t<\/li>\n\t\t\t\t\t\t\t\t<li class=\"elementor-icon-list-item\">\n\t\t\t\t\t\t\t\t\t\t\t<span class=\"elementor-icon-list-icon\">\n\t\t\t\t\t\t\t<i aria-hidden=\"true\" class=\"mdi mdi-checkbox-marked-circle\"><\/i>\t\t\t\t\t\t<\/span>\n\t\t\t\t\t\t\t\t\t\t<span class=\"elementor-icon-list-text\">Seguridad<\/span>\n\t\t\t\t\t\t\t\t\t<\/li>\n\t\t\t\t\t\t\t\t<li class=\"elementor-icon-list-item\">\n\t\t\t\t\t\t\t\t\t\t\t<span class=\"elementor-icon-list-icon\">\n\t\t\t\t\t\t\t<i aria-hidden=\"true\" class=\"mdi mdi-checkbox-marked-circle\"><\/i>\t\t\t\t\t\t<\/span>\n\t\t\t\t\t\t\t\t\t\t<span class=\"elementor-icon-list-text\">Durabilidad<\/span>\n\t\t\t\t\t\t\t\t\t<\/li>\n\t\t\t\t\t\t\t\t<li class=\"elementor-icon-list-item\">\n\t\t\t\t\t\t\t\t\t\t\t<span class=\"elementor-icon-list-icon\">\n\t\t\t\t\t\t\t<i aria-hidden=\"true\" class=\"mdi mdi-checkbox-marked-circle\"><\/i>\t\t\t\t\t\t<\/span>\n\t\t\t\t\t\t\t\t\t\t<span class=\"elementor-icon-list-text\">Cumplimiento Normativo<\/span>\n\t\t\t\t\t\t\t\t\t<\/li>\n\t\t\t\t\t\t<\/ul>\n\t\t\t\t\t\t<\/div>\n\t\t\t\t<\/div>\n\t\t\t\t<\/div>\n\t\t\t\t<div class=\"elementor-element elementor-element-d583887 elementor-widget elementor-widget-heading\" data-id=\"d583887\" data-element_type=\"widget\" data-widget_type=\"heading.default\">\n\t\t\t\t<div class=\"elementor-widget-container\">\n\t\t\t\t\t<div class=\"elementor-heading-title elementor-size-default\">Nuestro enfoque en tecnolog\u00eda avanzada y normativas de seguridad nos permite proporcionar resultados sostenibles y duraderos. Ya sea que necesites construir una plataforma petrolera, desarrollar un sistema de drenaje o establecer una infraestructura energ\u00e9tica, tenemos la experiencia para llevar a cabo proyectos de alta complejidad.<\/div>\t\t\t\t<\/div>\n\t\t\t\t<\/div>\n\t\t\t\t<\/div>\n\t\t<div class=\"elementor-element elementor-element-3e963fa8 e-con-full e-flex elementor-invisible e-con e-child\" data-id=\"3e963fa8\" data-element_type=\"container\" data-settings=\"{&quot;animation&quot;:&quot;fadeInRight&quot;}\">\n\t\t\t\t<div class=\"elementor-element elementor-element-2fed5982 elementor-widget elementor-widget-image\" data-id=\"2fed5982\" data-element_type=\"widget\" data-widget_type=\"image.default\">\n\t\t\t\t<div class=\"elementor-widget-container\">\n\t\t\t\t\t\t\t\t\t\t\t\t\t\t\t<img decoding=\"async\" width=\"1080\" height=\"1080\" src=\"https:\/\/blackstonepetrol.com\/wp-content\/uploads\/2024\/01\/14.png\" class=\"attachment-full size-full wp-image-1758\" alt=\"\" srcset=\"https:\/\/blackstonepetrol.com\/wp-content\/uploads\/2024\/01\/14.png 1080w, https:\/\/blackstonepetrol.com\/wp-content\/uploads\/2024\/01\/14-300x300.png 300w, https:\/\/blackstonepetrol.com\/wp-content\/uploads\/2024\/01\/14-1024x1024.png 1024w, https:\/\/blackstonepetrol.com\/wp-content\/uploads\/2024\/01\/14-150x150.png 150w, https:\/\/blackstonepetrol.com\/wp-content\/uploads\/2024\/01\/14-768x768.png 768w, https:\/\/blackstonepetrol.com\/wp-content\/uploads\/2024\/01\/14-12x12.png 12w\" sizes=\"(max-width: 1080px) 100vw, 1080px\" \/>\t\t\t\t\t\t\t\t\t\t\t\t\t\t\t<\/div>\n\t\t\t\t<\/div>\n\t\t\t\t<\/div>\n\t\t\t\t<\/div>\n\t\t<div class=\"elementor-element elementor-element-3cc4b45 e-flex e-con-boxed e-con e-parent\" data-id=\"3cc4b45\" data-element_type=\"container\" data-settings=\"{&quot;background_background&quot;:&quot;classic&quot;}\">\n\t\t\t\t\t<div class=\"e-con-inner\">\n\t\t<div class=\"elementor-element elementor-element-6fdfbb4 e-con-full e-flex elementor-invisible e-con e-child\" data-id=\"6fdfbb4\" data-element_type=\"container\" data-settings=\"{&quot;animation&quot;:&quot;fadeInRight&quot;}\">\n\t\t\t\t<div class=\"elementor-element elementor-element-7131044 elementor-widget elementor-widget-heading\" data-id=\"7131044\" data-element_type=\"widget\" data-widget_type=\"heading.default\">\n\t\t\t\t<div class=\"elementor-widget-container\">\n\t\t\t\t\t<h2 class=\"elementor-heading-title elementor-size-default\">Cont\u00e1ctanos para Obtener M\u00e1s Informaci\u00f3n o Solicitar un Servicio\n<\/h2>\t\t\t\t<\/div>\n\t\t\t\t<\/div>\n\t\t\t\t<div class=\"elementor-element elementor-element-332ab01 elementor-widget elementor-widget-text-editor\" data-id=\"332ab01\" data-element_type=\"widget\" data-widget_type=\"text-editor.default\">\n\t\t\t\t<div class=\"elementor-widget-container\">\n\t\t\t\t\t\t\t\t\t<p>La ingenier\u00eda civil es una de las piezas fundamentales en la infraestructura industrial, y en <strong data-start=\"1021\" data-end=\"1049\">Blackstone Petrol S.A.S.<\/strong> nos enfocamos en entregar <strong data-start=\"1076\" data-end=\"1105\">soluciones personalizadas<\/strong> que se adaptan a las necesidades espec\u00edficas de cada proyecto.<\/p>\t\t\t\t\t\t\t\t<\/div>\n\t\t\t\t<\/div>\n\t\t\t\t<div class=\"elementor-element elementor-element-51e1132 elementor-widget elementor-widget-button\" data-id=\"51e1132\" data-element_type=\"widget\" data-widget_type=\"button.default\">\n\t\t\t\t<div class=\"elementor-widget-container\">\n\t\t\t\t\t\t\t\t\t<div class=\"elementor-button-wrapper\">\n\t\t\t\t\t<a class=\"elementor-button elementor-button-link elementor-size-sm\" href=\"http:\/\/wa.me\/573143155904\">\n\t\t\t\t\t\t<span class=\"elementor-button-content-wrapper\">\n\t\t\t\t\t\t\t\t\t<span class=\"elementor-button-text\">Solicita una Consulta<\/span>\n\t\t\t\t\t<\/span>\n\t\t\t\t\t<\/a>\n\t\t\t\t<\/div>\n\t\t\t\t\t\t\t\t<\/div>\n\t\t\t\t<\/div>\n\t\t\t\t<\/div>\n\t\t\t\t\t<\/div>\n\t\t\t\t<\/div>\n\t\t\t\t<\/div>","protected":false},"excerpt":{"rendered":"<p>Construcci\u00f3n y mantenimiento de infraestructuras industriales para un rendimiento \u00f3ptimo. En Blackstone Petrol S.A.S., brindamos soluciones de ingenier\u00eda civil para la construcci\u00f3n, renovaci\u00f3n, y mantenimiento de infraestructuras industriales, adapt\u00e1ndonos a las necesidades de cada proyecto. Desde plataformas petroleras hasta instalaciones de procesamiento, garantizamos la seguridad y la durabilidad de tus proyectos industriales. Solicita una Consulta [&hellip;]<\/p>","protected":false},"author":1,"featured_media":0,"parent":0,"menu_order":0,"comment_status":"closed","ping_status":"closed","template":"","meta":{"site-sidebar-layout":"no-sidebar","site-content-layout":"page-builder","ast-site-content-layout":"full-width-container","site-content-style":"default","site-sidebar-style":"default","ast-global-header-display":"","ast-banner-title-visibility":"","ast-main-header-display":"","ast-hfb-above-header-display":"","ast-hfb-below-header-display":"","ast-hfb-mobile-header-display":"","site-post-title":"disabled","ast-breadcrumbs-content":"","ast-featured-img":"disabled","footer-sml-layout":"","theme-transparent-header-meta":"","adv-header-id-meta":"","stick-header-meta":"","header-above-stick-meta":"","header-main-stick-meta":"","header-below-stick-meta":"","astra-migrate-meta-layouts":"set","ast-page-background-enabled":"default","ast-page-background-meta":{"desktop":{"background-color":"","background-image":"","background-repeat":"repeat","background-position":"center center","background-size":"auto","background-attachment":"scroll","background-type":"","background-media":"","overlay-type":"","overlay-color":"","overlay-opacity":"","overlay-gradient":""},"tablet":{"background-color":"","background-image":"","background-repeat":"repeat","background-position":"center center","background-size":"auto","background-attachment":"scroll","background-type":"","background-media":"","overlay-type":"","overlay-color":"","overlay-opacity":"","overlay-gradient":""},"mobile":{"background-color":"","background-image":"","background-repeat":"repeat","background-position":"center center","background-size":"auto","background-attachment":"scroll","background-type":"","background-media":"","overlay-type":"","overlay-color":"","overlay-opacity":"","overlay-gradient":""}},"ast-content-background-meta":{"desktop":{"background-color":"var(--ast-global-color-5)","background-image":"","background-repeat":"repeat","background-position":"center center","background-size":"auto","background-attachment":"scroll","background-type":"","background-media":"","overlay-type":"","overlay-color":"","overlay-opacity":"","overlay-gradient":""},"tablet":{"background-color":"var(--ast-global-color-5)","background-image":"","background-repeat":"repeat","background-position":"center center","background-size":"auto","background-attachment":"scroll","background-type":"","background-media":"","overlay-type":"","overlay-color":"","overlay-opacity":"","overlay-gradient":""},"mobile":{"background-color":"var(--ast-global-color-5)","background-image":"","background-repeat":"repeat","background-position":"center center","background-size":"auto","background-attachment":"scroll","background-type":"","background-media":"","overlay-type":"","overlay-color":"","overlay-opacity":"","overlay-gradient":""}},"_joinchat":[],"footnotes":""},"class_list":["post-2218","page","type-page","status-publish","hentry"],"_links":{"self":[{"href":"https:\/\/blackstonepetrol.com\/en\/wp-json\/wp\/v2\/pages\/2218","targetHints":{"allow":["GET"]}}],"collection":[{"href":"https:\/\/blackstonepetrol.com\/en\/wp-json\/wp\/v2\/pages"}],"about":[{"href":"https:\/\/blackstonepetrol.com\/en\/wp-json\/wp\/v2\/types\/page"}],"author":[{"embeddable":true,"href":"https:\/\/blackstonepetrol.com\/en\/wp-json\/wp\/v2\/users\/1"}],"replies":[{"embeddable":true,"href":"https:\/\/blackstonepetrol.com\/en\/wp-json\/wp\/v2\/comments?post=2218"}],"version-history":[{"count":25,"href":"https:\/\/blackstonepetrol.com\/en\/wp-json\/wp\/v2\/pages\/2218\/revisions"}],"predecessor-version":[{"id":2243,"href":"https:\/\/blackstonepetrol.com\/en\/wp-json\/wp\/v2\/pages\/2218\/revisions\/2243"}],"wp:attachment":[{"href":"https:\/\/blackstonepetrol.com\/en\/wp-json\/wp\/v2\/media?parent=2218"}],"curies":[{"name":"wp","href":"https:\/\/api.w.org\/{rel}","templated":true}]}}