{"id":2089,"date":"2025-07-29T13:37:16","date_gmt":"2025-07-29T18:37:16","guid":{"rendered":"https:\/\/blackstonepetrol.com\/?page_id=2089"},"modified":"2025-07-31T10:19:04","modified_gmt":"2025-07-31T15:19:04","slug":"mantenimiento-integral-para-la-industria-del-petroleo-y-gas","status":"publish","type":"page","link":"https:\/\/blackstonepetrol.com\/en\/mantenimiento-integral-para-la-industria-del-petroleo-y-gas\/","title":{"rendered":"Mantenimiento Integral para la Industria del Petr\u00f3leo y Gas"},"content":{"rendered":"<div data-elementor-type=\"wp-page\" data-elementor-id=\"2089\" class=\"elementor elementor-2089\" data-elementor-post-type=\"page\">\n\t\t\t\t<div class=\"elementor-element elementor-element-6aa7c5d e-flex e-con-boxed e-con e-parent\" data-id=\"6aa7c5d\" data-element_type=\"container\" data-settings=\"{&quot;background_background&quot;:&quot;classic&quot;}\">\n\t\t\t\t\t<div class=\"e-con-inner\">\n\t\t<div class=\"elementor-element elementor-element-c3e4ae7 e-con-full e-flex e-con e-child\" data-id=\"c3e4ae7\" data-element_type=\"container\">\n\t\t\t\t<\/div>\n\t\t\t\t\t<\/div>\n\t\t\t\t<\/div>\n\t\t<div class=\"elementor-element elementor-element-62dd5ae8 e-flex e-con-boxed e-con e-parent\" data-id=\"62dd5ae8\" data-element_type=\"container\">\n\t\t\t\t\t<div class=\"e-con-inner\">\n\t\t<div class=\"elementor-element elementor-element-aad2dc6 e-con-full e-flex elementor-invisible e-con e-child\" data-id=\"aad2dc6\" data-element_type=\"container\" data-settings=\"{&quot;animation&quot;:&quot;fadeInLeft&quot;}\">\n\t\t\t\t<div class=\"elementor-element elementor-element-34fef8f5 elementor-widget elementor-widget-heading\" data-id=\"34fef8f5\" data-element_type=\"widget\" data-widget_type=\"heading.default\">\n\t\t\t\t<div class=\"elementor-widget-container\">\n\t\t\t\t\t<h2 class=\"elementor-heading-title elementor-size-default\">Optimiza la Vida \u00datil de tus Equipos con Nuestro Servicio de Mantenimiento Integral<\/h2>\t\t\t\t<\/div>\n\t\t\t\t<\/div>\n\t\t\t\t<div class=\"elementor-element elementor-element-33c8183 elementor-widget elementor-widget-text-editor\" data-id=\"33c8183\" data-element_type=\"widget\" data-widget_type=\"text-editor.default\">\n\t\t\t\t<div class=\"elementor-widget-container\">\n\t\t\t\t\t\t\t\t\t<p>En <strong data-start=\"530\" data-end=\"558\">Blackstone Petrol S.A.S.<\/strong>, entendemos que el <strong data-start=\"578\" data-end=\"619\">mantenimiento preventivo y correctivo<\/strong> es crucial para garantizar el <strong data-start=\"650\" data-end=\"677\">funcionamiento continuo<\/strong> y la <strong data-start=\"683\" data-end=\"696\">seguridad<\/strong> de las operaciones en la <strong data-start=\"722\" data-end=\"754\">industria del petr\u00f3leo y gas<\/strong>. Nuestro servicio de <strong data-start=\"776\" data-end=\"802\">mantenimiento integral<\/strong> est\u00e1 dise\u00f1ado para reducir tiempos de inactividad, mejorar la eficiencia operativa y minimizar los costos de reparaci\u00f3n.<\/p><p>Con m\u00e1s de 10 a\u00f1os de experiencia, ofrecemos soluciones personalizadas que se adaptan a las necesidades espec\u00edficas de tu empresa.<\/p>\t\t\t\t\t\t\t\t<\/div>\n\t\t\t\t<\/div>\n\t\t\t\t<div class=\"elementor-element elementor-element-66feb71 elementor-widget elementor-widget-button\" data-id=\"66feb71\" data-element_type=\"widget\" data-widget_type=\"button.default\">\n\t\t\t\t<div class=\"elementor-widget-container\">\n\t\t\t\t\t\t\t\t\t<div class=\"elementor-button-wrapper\">\n\t\t\t\t\t<a class=\"elementor-button elementor-button-link elementor-size-sm\" href=\"http:\/\/wa.me\/573143155904\">\n\t\t\t\t\t\t<span class=\"elementor-button-content-wrapper\">\n\t\t\t\t\t\t\t\t\t<span class=\"elementor-button-text\">Solicita una Consulta<\/span>\n\t\t\t\t\t<\/span>\n\t\t\t\t\t<\/a>\n\t\t\t\t<\/div>\n\t\t\t\t\t\t\t\t<\/div>\n\t\t\t\t<\/div>\n\t\t\t\t<\/div>\n\t\t<div class=\"elementor-element elementor-element-5ac04305 e-con-full e-flex e-con e-child\" data-id=\"5ac04305\" data-element_type=\"container\">\n\t\t\t\t<div class=\"elementor-element elementor-element-6d40f40f elementor-invisible elementor-widget elementor-widget-image\" data-id=\"6d40f40f\" data-element_type=\"widget\" data-settings=\"{&quot;_animation&quot;:&quot;fadeInRight&quot;}\" data-widget_type=\"image.default\">\n\t\t\t\t<div class=\"elementor-widget-container\">\n\t\t\t\t\t\t\t\t\t\t\t\t\t\t\t<img fetchpriority=\"high\" decoding=\"async\" width=\"1080\" height=\"1080\" src=\"https:\/\/blackstonepetrol.com\/wp-content\/uploads\/2023\/12\/40.png\" class=\"attachment-full size-full wp-image-1264\" alt=\"\" srcset=\"https:\/\/blackstonepetrol.com\/wp-content\/uploads\/2023\/12\/40.png 1080w, https:\/\/blackstonepetrol.com\/wp-content\/uploads\/2023\/12\/40-300x300.png 300w, https:\/\/blackstonepetrol.com\/wp-content\/uploads\/2023\/12\/40-1024x1024.png 1024w, https:\/\/blackstonepetrol.com\/wp-content\/uploads\/2023\/12\/40-150x150.png 150w, https:\/\/blackstonepetrol.com\/wp-content\/uploads\/2023\/12\/40-768x768.png 768w\" sizes=\"(max-width: 1080px) 100vw, 1080px\" \/>\t\t\t\t\t\t\t\t\t\t\t\t\t\t\t<\/div>\n\t\t\t\t<\/div>\n\t\t\t\t<div class=\"elementor-element elementor-element-a17824 elementor-widget__width-initial elementor-absolute elementor-invisible elementor-widget elementor-widget-image\" data-id=\"a17824\" data-element_type=\"widget\" data-settings=\"{&quot;_position&quot;:&quot;absolute&quot;,&quot;_animation&quot;:&quot;fadeInUp&quot;}\" data-widget_type=\"image.default\">\n\t\t\t\t<div class=\"elementor-widget-container\">\n\t\t\t\t\t\t\t\t\t\t\t\t\t\t\t<img decoding=\"async\" width=\"1080\" height=\"1080\" src=\"https:\/\/blackstonepetrol.com\/wp-content\/uploads\/2024\/01\/25.png\" class=\"attachment-full size-full wp-image-1769\" alt=\"\" srcset=\"https:\/\/blackstonepetrol.com\/wp-content\/uploads\/2024\/01\/25.png 1080w, https:\/\/blackstonepetrol.com\/wp-content\/uploads\/2024\/01\/25-300x300.png 300w, https:\/\/blackstonepetrol.com\/wp-content\/uploads\/2024\/01\/25-1024x1024.png 1024w, https:\/\/blackstonepetrol.com\/wp-content\/uploads\/2024\/01\/25-150x150.png 150w, https:\/\/blackstonepetrol.com\/wp-content\/uploads\/2024\/01\/25-768x768.png 768w, https:\/\/blackstonepetrol.com\/wp-content\/uploads\/2024\/01\/25-12x12.png 12w\" sizes=\"(max-width: 1080px) 100vw, 1080px\" \/>\t\t\t\t\t\t\t\t\t\t\t\t\t\t\t<\/div>\n\t\t\t\t<\/div>\n\t\t\t\t<\/div>\n\t\t\t\t\t<\/div>\n\t\t\t\t<\/div>\n\t\t<div class=\"elementor-element elementor-element-1e11a53 e-flex e-con-boxed e-con e-parent\" data-id=\"1e11a53\" data-element_type=\"container\" data-settings=\"{&quot;background_background&quot;:&quot;classic&quot;}\">\n\t\t\t\t\t<div class=\"e-con-inner\">\n\t\t<div class=\"elementor-element elementor-element-c6429c9 e-con-full e-flex e-con e-child\" data-id=\"c6429c9\" data-element_type=\"container\">\n\t\t\t\t<div class=\"elementor-element elementor-element-365c29d elementor-widget elementor-widget-heading\" data-id=\"365c29d\" data-element_type=\"widget\" data-widget_type=\"heading.default\">\n\t\t\t\t<div class=\"elementor-widget-container\">\n\t\t\t\t\t<h2 class=\"elementor-heading-title elementor-size-default\">Servicios de Mantenimiento Integral que Ofrecemos<\/h2>\t\t\t\t<\/div>\n\t\t\t\t<\/div>\n\t\t\t\t<div class=\"elementor-element elementor-element-32e7ad8 elementor-widget elementor-widget-heading\" data-id=\"32e7ad8\" data-element_type=\"widget\" data-widget_type=\"heading.default\">\n\t\t\t\t<div class=\"elementor-widget-container\">\n\t\t\t\t\t<div class=\"elementor-heading-title elementor-size-default\">Nuestro servicio de mantenimiento integral abarca todos los aspectos necesarios para garantizar que tus equipos y sistemas funcionen de manera \u00f3ptima. Los servicios incluyen:<\/div>\t\t\t\t<\/div>\n\t\t\t\t<\/div>\n\t\t\t\t<\/div>\n\t\t<div class=\"elementor-element elementor-element-c3fb02d e-con-full e-grid e-con e-child\" data-id=\"c3fb02d\" data-element_type=\"container\">\n\t\t\t\t<div class=\"elementor-element elementor-element-1e9a848 elementor-view-default elementor-position-top elementor-mobile-position-top elementor-widget elementor-widget-icon-box\" data-id=\"1e9a848\" data-element_type=\"widget\" data-widget_type=\"icon-box.default\">\n\t\t\t\t<div class=\"elementor-widget-container\">\n\t\t\t\t\t\t\t<div class=\"elementor-icon-box-wrapper\">\n\n\t\t\t\t\t\t<div class=\"elementor-icon-box-icon\">\n\t\t\t\t<span  class=\"elementor-icon\">\n\t\t\t\t<i aria-hidden=\"true\" class=\"icon icon-crane2\"><\/i>\t\t\t\t<\/span>\n\t\t\t<\/div>\n\t\t\t\n\t\t\t\t\t\t<div class=\"elementor-icon-box-content\">\n\n\t\t\t\t\t\t\t\t\t<div class=\"elementor-icon-box-title\">\n\t\t\t\t\t\t<span  >\n\t\t\t\t\t\t\tMantenimiento Preventivo\t\t\t\t\t\t<\/span>\n\t\t\t\t\t<\/div>\n\t\t\t\t\n\t\t\t\t\t\t\t\t\t<p class=\"elementor-icon-box-description\">\n\t\t\t\t\t\tEl mantenimiento preventivo est\u00e1 dise\u00f1ado para reducir el riesgo de fallos antes de que ocurran, mediante un an\u00e1lisis proactivo y una inspecci\u00f3n regular de los equipos y sistemas.\t\t\t\t\t<\/p>\n\t\t\t\t\n\t\t\t<\/div>\n\t\t\t\n\t\t<\/div>\n\t\t\t\t\t\t<\/div>\n\t\t\t\t<\/div>\n\t\t\t\t<div class=\"elementor-element elementor-element-d85e920 elementor-view-default elementor-position-top elementor-mobile-position-top elementor-widget elementor-widget-icon-box\" data-id=\"d85e920\" data-element_type=\"widget\" data-widget_type=\"icon-box.default\">\n\t\t\t\t<div class=\"elementor-widget-container\">\n\t\t\t\t\t\t\t<div class=\"elementor-icon-box-wrapper\">\n\n\t\t\t\t\t\t<div class=\"elementor-icon-box-icon\">\n\t\t\t\t<span  class=\"elementor-icon\">\n\t\t\t\t<i aria-hidden=\"true\" class=\"icon icon-Bettery\"><\/i>\t\t\t\t<\/span>\n\t\t\t<\/div>\n\t\t\t\n\t\t\t\t\t\t<div class=\"elementor-icon-box-content\">\n\n\t\t\t\t\t\t\t\t\t<div class=\"elementor-icon-box-title\">\n\t\t\t\t\t\t<span  >\n\t\t\t\t\t\t\tMantenimiento Correctivo\t\t\t\t\t\t<\/span>\n\t\t\t\t\t<\/div>\n\t\t\t\t\n\t\t\t\t\t\t\t\t\t<p class=\"elementor-icon-box-description\">\n\t\t\t\t\t\tCuando los equipos presentan fallos o se descalibran, nuestro equipo se encarga de realizar un mantenimiento correctivo r\u00e1pido y eficiente para restaurar la operaci\u00f3n sin demoras significativas.\t\t\t\t\t<\/p>\n\t\t\t\t\n\t\t\t<\/div>\n\t\t\t\n\t\t<\/div>\n\t\t\t\t\t\t<\/div>\n\t\t\t\t<\/div>\n\t\t\t\t<div class=\"elementor-element elementor-element-baafeef elementor-view-default elementor-position-top elementor-mobile-position-top elementor-widget elementor-widget-icon-box\" data-id=\"baafeef\" data-element_type=\"widget\" data-widget_type=\"icon-box.default\">\n\t\t\t\t<div class=\"elementor-widget-container\">\n\t\t\t\t\t\t\t<div class=\"elementor-icon-box-wrapper\">\n\n\t\t\t\t\t\t<div class=\"elementor-icon-box-icon\">\n\t\t\t\t<span  class=\"elementor-icon\">\n\t\t\t\t<i aria-hidden=\"true\" class=\"icon icon-valve\"><\/i>\t\t\t\t<\/span>\n\t\t\t<\/div>\n\t\t\t\n\t\t\t\t\t\t<div class=\"elementor-icon-box-content\">\n\n\t\t\t\t\t\t\t\t\t<div class=\"elementor-icon-box-title\">\n\t\t\t\t\t\t<span  >\n\t\t\t\t\t\t\tMantenimiento de Sistemas El\u00e9ctricos y Mec\u00e1nicos\t\t\t\t\t\t<\/span>\n\t\t\t\t\t<\/div>\n\t\t\t\t\n\t\t\t\t\t\t\t\t\t<p class=\"elementor-icon-box-description\">\n\t\t\t\t\t\tEl mantenimiento de sistemas el\u00e9ctricos y mec\u00e1nicos es fundamental para mantener la eficiencia operativa en proyectos de petr\u00f3leo y gas. \t\t\t\t\t<\/p>\n\t\t\t\t\n\t\t\t<\/div>\n\t\t\t\n\t\t<\/div>\n\t\t\t\t\t\t<\/div>\n\t\t\t\t<\/div>\n\t\t\t\t<div class=\"elementor-element elementor-element-2be0389 elementor-view-default elementor-position-top elementor-mobile-position-top elementor-widget elementor-widget-icon-box\" data-id=\"2be0389\" data-element_type=\"widget\" data-widget_type=\"icon-box.default\">\n\t\t\t\t<div class=\"elementor-widget-container\">\n\t\t\t\t\t\t\t<div class=\"elementor-icon-box-wrapper\">\n\n\t\t\t\t\t\t<div class=\"elementor-icon-box-icon\">\n\t\t\t\t<span  class=\"elementor-icon\">\n\t\t\t\t<i aria-hidden=\"true\" class=\"icon icon-oil-bottle\"><\/i>\t\t\t\t<\/span>\n\t\t\t<\/div>\n\t\t\t\n\t\t\t\t\t\t<div class=\"elementor-icon-box-content\">\n\n\t\t\t\t\t\t\t\t\t<div class=\"elementor-icon-box-title\">\n\t\t\t\t\t\t<span  >\n\t\t\t\t\t\t\tMantenimiento de Equipos de Perforaci\u00f3n\t\t\t\t\t\t<\/span>\n\t\t\t\t\t<\/div>\n\t\t\t\t\n\t\t\t\t\t\t\t\t\t<p class=\"elementor-icon-box-description\">\n\t\t\t\t\t\tLos equipos de perforaci\u00f3n son esenciales para la industria del petr\u00f3leo y gas. El mantenimiento adecuado de estas herramientas aumenta su vida \u00fatil y garantiza operaciones sin interrupciones.\t\t\t\t\t<\/p>\n\t\t\t\t\n\t\t\t<\/div>\n\t\t\t\n\t\t<\/div>\n\t\t\t\t\t\t<\/div>\n\t\t\t\t<\/div>\n\t\t\t\t<div class=\"elementor-element elementor-element-8a21863 elementor-view-default elementor-position-top elementor-mobile-position-top elementor-widget elementor-widget-icon-box\" data-id=\"8a21863\" data-element_type=\"widget\" data-widget_type=\"icon-box.default\">\n\t\t\t\t<div class=\"elementor-widget-container\">\n\t\t\t\t\t\t\t<div class=\"elementor-icon-box-wrapper\">\n\n\t\t\t\t\t\t<div class=\"elementor-icon-box-icon\">\n\t\t\t\t<span  class=\"elementor-icon\">\n\t\t\t\t<i aria-hidden=\"true\" class=\"icon icon-tools\"><\/i>\t\t\t\t<\/span>\n\t\t\t<\/div>\n\t\t\t\n\t\t\t\t\t\t<div class=\"elementor-icon-box-content\">\n\n\t\t\t\t\t\t\t\t\t<div class=\"elementor-icon-box-title\">\n\t\t\t\t\t\t<span  >\n\t\t\t\t\t\t\tGesti\u00f3n de Repuestos y Piezas Cr\u00edticas\t\t\t\t\t\t<\/span>\n\t\t\t\t\t<\/div>\n\t\t\t\t\n\t\t\t\t\t\t\t\t\t<p class=\"elementor-icon-box-description\">\n\t\t\t\t\t\tEl mantenimiento exitoso tambi\u00e9n depende de contar con piezas de repuesto de alta calidad y disponibilidad. \t\t\t\t\t<\/p>\n\t\t\t\t\n\t\t\t<\/div>\n\t\t\t\n\t\t<\/div>\n\t\t\t\t\t\t<\/div>\n\t\t\t\t<\/div>\n\t\t\t\t<\/div>\n\t\t\t\t\t<\/div>\n\t\t\t\t<\/div>\n\t\t<div class=\"elementor-element elementor-element-4d68ab47 e-con-full e-flex e-con e-parent\" data-id=\"4d68ab47\" data-element_type=\"container\">\n\t\t<div class=\"elementor-element elementor-element-15949c07 e-con-full e-flex elementor-invisible e-con e-child\" data-id=\"15949c07\" data-element_type=\"container\" data-settings=\"{&quot;animation&quot;:&quot;fadeInLeft&quot;}\">\n\t\t\t\t<div class=\"elementor-element elementor-element-a52bc1a elementor-widget elementor-widget-heading\" data-id=\"a52bc1a\" data-element_type=\"widget\" data-widget_type=\"heading.default\">\n\t\t\t\t<div class=\"elementor-widget-container\">\n\t\t\t\t\t<h2 class=\"elementor-heading-title elementor-size-default\">Beneficios del Mantenimiento Integral para la Industria del Petr\u00f3leo y Gas<\/h2>\t\t\t\t<\/div>\n\t\t\t\t<\/div>\n\t\t\t\t<div class=\"elementor-element elementor-element-e9fd6f3 elementor-widget elementor-widget-heading\" data-id=\"e9fd6f3\" data-element_type=\"widget\" data-widget_type=\"heading.default\">\n\t\t\t\t<div class=\"elementor-widget-container\">\n\t\t\t\t\t<div class=\"elementor-heading-title elementor-size-default\">Blackstone Petrol S.A.S. se especializa en ofrecer soluciones de mantenimiento que garantizan la fiabilidad de los equipos, la optimizaci\u00f3n de recursos y la cumplimiento de normativas en todas las fases del proyecto.<\/div>\t\t\t\t<\/div>\n\t\t\t\t<\/div>\n\t\t<div class=\"elementor-element elementor-element-29c00ef7 e-grid e-con-full e-con e-child\" data-id=\"29c00ef7\" data-element_type=\"container\">\n\t\t\t\t<div class=\"elementor-element elementor-element-66817d8 elementor-icon-list--layout-traditional elementor-list-item-link-full_width elementor-widget elementor-widget-icon-list\" data-id=\"66817d8\" data-element_type=\"widget\" data-widget_type=\"icon-list.default\">\n\t\t\t\t<div class=\"elementor-widget-container\">\n\t\t\t\t\t\t\t<ul class=\"elementor-icon-list-items\">\n\t\t\t\t\t\t\t<li class=\"elementor-icon-list-item\">\n\t\t\t\t\t\t\t\t\t\t\t<span class=\"elementor-icon-list-icon\">\n\t\t\t\t\t\t\t<i aria-hidden=\"true\" class=\"mdi mdi-checkbox-marked-circle\"><\/i>\t\t\t\t\t\t<\/span>\n\t\t\t\t\t\t\t\t\t\t<span class=\"elementor-icon-list-text\">Reducci\u00f3n de Costos Operativos<\/span>\n\t\t\t\t\t\t\t\t\t<\/li>\n\t\t\t\t\t\t\t\t<li class=\"elementor-icon-list-item\">\n\t\t\t\t\t\t\t\t\t\t\t<span class=\"elementor-icon-list-icon\">\n\t\t\t\t\t\t\t<i aria-hidden=\"true\" class=\"mdi mdi-checkbox-marked-circle\"><\/i>\t\t\t\t\t\t<\/span>\n\t\t\t\t\t\t\t\t\t\t<span class=\"elementor-icon-list-text\">Mayor Vida \u00datil de los Equipos<\/span>\n\t\t\t\t\t\t\t\t\t<\/li>\n\t\t\t\t\t\t\t\t<li class=\"elementor-icon-list-item\">\n\t\t\t\t\t\t\t\t\t\t\t<span class=\"elementor-icon-list-icon\">\n\t\t\t\t\t\t\t<i aria-hidden=\"true\" class=\"mdi mdi-checkbox-marked-circle\"><\/i>\t\t\t\t\t\t<\/span>\n\t\t\t\t\t\t\t\t\t\t<span class=\"elementor-icon-list-text\">Operaciones Seguras<\/span>\n\t\t\t\t\t\t\t\t\t<\/li>\n\t\t\t\t\t\t\t\t<li class=\"elementor-icon-list-item\">\n\t\t\t\t\t\t\t\t\t\t\t<span class=\"elementor-icon-list-icon\">\n\t\t\t\t\t\t\t<i aria-hidden=\"true\" class=\"mdi mdi-checkbox-marked-circle\"><\/i>\t\t\t\t\t\t<\/span>\n\t\t\t\t\t\t\t\t\t\t<span class=\"elementor-icon-list-text\">Menos Tiempos de Inactividad<\/span>\n\t\t\t\t\t\t\t\t\t<\/li>\n\t\t\t\t\t\t\t\t<li class=\"elementor-icon-list-item\">\n\t\t\t\t\t\t\t\t\t\t\t<span class=\"elementor-icon-list-icon\">\n\t\t\t\t\t\t\t<i aria-hidden=\"true\" class=\"mdi mdi-checkbox-marked-circle\"><\/i>\t\t\t\t\t\t<\/span>\n\t\t\t\t\t\t\t\t\t\t<span class=\"elementor-icon-list-text\">Cumplimiento Normativo<\/span>\n\t\t\t\t\t\t\t\t\t<\/li>\n\t\t\t\t\t\t<\/ul>\n\t\t\t\t\t\t<\/div>\n\t\t\t\t<\/div>\n\t\t\t\t<\/div>\n\t\t\t\t<div class=\"elementor-element elementor-element-d583887 elementor-widget elementor-widget-heading\" data-id=\"d583887\" data-element_type=\"widget\" data-widget_type=\"heading.default\">\n\t\t\t\t<div class=\"elementor-widget-container\">\n\t\t\t\t\t<div class=\"elementor-heading-title elementor-size-default\">Nuestro proceso de mantenimiento se basa en planificaci\u00f3n, ejecuci\u00f3n eficiente y seguimiento continuo para asegurar que cada tarea se realice de acuerdo con los plazos establecidos.<\/div>\t\t\t\t<\/div>\n\t\t\t\t<\/div>\n\t\t\t\t<\/div>\n\t\t<div class=\"elementor-element elementor-element-3e963fa8 e-con-full e-flex elementor-invisible e-con e-child\" data-id=\"3e963fa8\" data-element_type=\"container\" data-settings=\"{&quot;animation&quot;:&quot;fadeInRight&quot;}\">\n\t\t\t\t<div class=\"elementor-element elementor-element-2fed5982 elementor-widget elementor-widget-image\" data-id=\"2fed5982\" data-element_type=\"widget\" data-widget_type=\"image.default\">\n\t\t\t\t<div class=\"elementor-widget-container\">\n\t\t\t\t\t\t\t\t\t\t\t\t\t\t\t<img decoding=\"async\" width=\"1280\" height=\"854\" src=\"https:\/\/blackstonepetrol.com\/wp-content\/uploads\/2025\/06\/locomotive-engineers-trading-carbon-credits-on-platform-for-responsible-railway-emission-reduction.jpg\" class=\"attachment-full size-full wp-image-1908\" alt=\"\" srcset=\"https:\/\/blackstonepetrol.com\/wp-content\/uploads\/2025\/06\/locomotive-engineers-trading-carbon-credits-on-platform-for-responsible-railway-emission-reduction.jpg 1280w, https:\/\/blackstonepetrol.com\/wp-content\/uploads\/2025\/06\/locomotive-engineers-trading-carbon-credits-on-platform-for-responsible-railway-emission-reduction-300x200.jpg 300w, https:\/\/blackstonepetrol.com\/wp-content\/uploads\/2025\/06\/locomotive-engineers-trading-carbon-credits-on-platform-for-responsible-railway-emission-reduction-1024x683.jpg 1024w, https:\/\/blackstonepetrol.com\/wp-content\/uploads\/2025\/06\/locomotive-engineers-trading-carbon-credits-on-platform-for-responsible-railway-emission-reduction-768x512.jpg 768w, https:\/\/blackstonepetrol.com\/wp-content\/uploads\/2025\/06\/locomotive-engineers-trading-carbon-credits-on-platform-for-responsible-railway-emission-reduction-18x12.jpg 18w\" sizes=\"(max-width: 1280px) 100vw, 1280px\" \/>\t\t\t\t\t\t\t\t\t\t\t\t\t\t\t<\/div>\n\t\t\t\t<\/div>\n\t\t\t\t<\/div>\n\t\t\t\t<\/div>\n\t\t<div class=\"elementor-element elementor-element-3cc4b45 e-flex e-con-boxed e-con e-parent\" data-id=\"3cc4b45\" data-element_type=\"container\" data-settings=\"{&quot;background_background&quot;:&quot;classic&quot;}\">\n\t\t\t\t\t<div class=\"e-con-inner\">\n\t\t<div class=\"elementor-element elementor-element-6fdfbb4 e-con-full e-flex elementor-invisible e-con e-child\" data-id=\"6fdfbb4\" data-element_type=\"container\" data-settings=\"{&quot;animation&quot;:&quot;fadeInRight&quot;}\">\n\t\t\t\t<div class=\"elementor-element elementor-element-7131044 elementor-widget elementor-widget-heading\" data-id=\"7131044\" data-element_type=\"widget\" data-widget_type=\"heading.default\">\n\t\t\t\t<div class=\"elementor-widget-container\">\n\t\t\t\t\t<h2 class=\"elementor-heading-title elementor-size-default\">Cont\u00e1ctanos para Obtener M\u00e1s Informaci\u00f3n o Solicitar un Servicio\n<\/h2>\t\t\t\t<\/div>\n\t\t\t\t<\/div>\n\t\t\t\t<div class=\"elementor-element elementor-element-b727555 elementor-widget elementor-widget-heading\" data-id=\"b727555\" data-element_type=\"widget\" data-widget_type=\"heading.default\">\n\t\t\t\t<div class=\"elementor-widget-container\">\n\t\t\t\t\t<div class=\"elementor-heading-title elementor-size-default\">En Blackstone Petrol S.A.S., estamos comprometidos con el \u00e9xito de tu operaci\u00f3n. Si deseas m\u00e1s informaci\u00f3n sobre nuestro servicio de mantenimiento integral o si necesitas asistencia inmediata, no dudes en contactarnos.<\/div>\t\t\t\t<\/div>\n\t\t\t\t<\/div>\n\t\t\t\t<div class=\"elementor-element elementor-element-51e1132 elementor-widget elementor-widget-button\" data-id=\"51e1132\" data-element_type=\"widget\" data-widget_type=\"button.default\">\n\t\t\t\t<div class=\"elementor-widget-container\">\n\t\t\t\t\t\t\t\t\t<div class=\"elementor-button-wrapper\">\n\t\t\t\t\t<a class=\"elementor-button elementor-button-link elementor-size-sm\" href=\"http:\/\/wa.me\/573143155904\">\n\t\t\t\t\t\t<span class=\"elementor-button-content-wrapper\">\n\t\t\t\t\t\t\t\t\t<span class=\"elementor-button-text\">Solicita una Consulta<\/span>\n\t\t\t\t\t<\/span>\n\t\t\t\t\t<\/a>\n\t\t\t\t<\/div>\n\t\t\t\t\t\t\t\t<\/div>\n\t\t\t\t<\/div>\n\t\t\t\t<\/div>\n\t\t\t\t\t<\/div>\n\t\t\t\t<\/div>\n\t\t\t\t<\/div>","protected":false},"excerpt":{"rendered":"<p>Optimiza la Vida \u00datil de tus Equipos con Nuestro Servicio de Mantenimiento Integral En Blackstone Petrol S.A.S., entendemos que el mantenimiento preventivo y correctivo es crucial para garantizar el funcionamiento continuo y la seguridad de las operaciones en la industria del petr\u00f3leo y gas. Nuestro servicio de mantenimiento integral est\u00e1 dise\u00f1ado para reducir tiempos de [&hellip;]<\/p>","protected":false},"author":1,"featured_media":0,"parent":0,"menu_order":0,"comment_status":"closed","ping_status":"closed","template":"","meta":{"site-sidebar-layout":"no-sidebar","site-content-layout":"page-builder","ast-site-content-layout":"full-width-container","site-content-style":"default","site-sidebar-style":"default","ast-global-header-display":"","ast-banner-title-visibility":"","ast-main-header-display":"","ast-hfb-above-header-display":"","ast-hfb-below-header-display":"","ast-hfb-mobile-header-display":"","site-post-title":"disabled","ast-breadcrumbs-content":"","ast-featured-img":"disabled","footer-sml-layout":"","theme-transparent-header-meta":"","adv-header-id-meta":"","stick-header-meta":"","header-above-stick-meta":"","header-main-stick-meta":"","header-below-stick-meta":"","astra-migrate-meta-layouts":"set","ast-page-background-enabled":"default","ast-page-background-meta":{"desktop":{"background-color":"","background-image":"","background-repeat":"repeat","background-position":"center center","background-size":"auto","background-attachment":"scroll","background-type":"","background-media":"","overlay-type":"","overlay-color":"","overlay-opacity":"","overlay-gradient":""},"tablet":{"background-color":"","background-image":"","background-repeat":"repeat","background-position":"center center","background-size":"auto","background-attachment":"scroll","background-type":"","background-media":"","overlay-type":"","overlay-color":"","overlay-opacity":"","overlay-gradient":""},"mobile":{"background-color":"","background-image":"","background-repeat":"repeat","background-position":"center center","background-size":"auto","background-attachment":"scroll","background-type":"","background-media":"","overlay-type":"","overlay-color":"","overlay-opacity":"","overlay-gradient":""}},"ast-content-background-meta":{"desktop":{"background-color":"var(--ast-global-color-5)","background-image":"","background-repeat":"repeat","background-position":"center center","background-size":"auto","background-attachment":"scroll","background-type":"","background-media":"","overlay-type":"","overlay-color":"","overlay-opacity":"","overlay-gradient":""},"tablet":{"background-color":"var(--ast-global-color-5)","background-image":"","background-repeat":"repeat","background-position":"center center","background-size":"auto","background-attachment":"scroll","background-type":"","background-media":"","overlay-type":"","overlay-color":"","overlay-opacity":"","overlay-gradient":""},"mobile":{"background-color":"var(--ast-global-color-5)","background-image":"","background-repeat":"repeat","background-position":"center center","background-size":"auto","background-attachment":"scroll","background-type":"","background-media":"","overlay-type":"","overlay-color":"","overlay-opacity":"","overlay-gradient":""}},"_joinchat":[],"footnotes":""},"class_list":["post-2089","page","type-page","status-publish","hentry"],"_links":{"self":[{"href":"https:\/\/blackstonepetrol.com\/en\/wp-json\/wp\/v2\/pages\/2089","targetHints":{"allow":["GET"]}}],"collection":[{"href":"https:\/\/blackstonepetrol.com\/en\/wp-json\/wp\/v2\/pages"}],"about":[{"href":"https:\/\/blackstonepetrol.com\/en\/wp-json\/wp\/v2\/types\/page"}],"author":[{"embeddable":true,"href":"https:\/\/blackstonepetrol.com\/en\/wp-json\/wp\/v2\/users\/1"}],"replies":[{"embeddable":true,"href":"https:\/\/blackstonepetrol.com\/en\/wp-json\/wp\/v2\/comments?post=2089"}],"version-history":[{"count":61,"href":"https:\/\/blackstonepetrol.com\/en\/wp-json\/wp\/v2\/pages\/2089\/revisions"}],"predecessor-version":[{"id":2453,"href":"https:\/\/blackstonepetrol.com\/en\/wp-json\/wp\/v2\/pages\/2089\/revisions\/2453"}],"wp:attachment":[{"href":"https:\/\/blackstonepetrol.com\/en\/wp-json\/wp\/v2\/media?parent=2089"}],"curies":[{"name":"wp","href":"https:\/\/api.w.org\/{rel}","templated":true}]}}